{"id":17,"date":"2017-09-23T19:17:23","date_gmt":"2017-09-23T17:17:23","guid":{"rendered":"https:\/\/serwer2033922.home.pl\/?page_id=17"},"modified":"2018-01-09T11:45:28","modified_gmt":"2018-01-09T10:45:28","slug":"cennik","status":"publish","type":"page","link":"https:\/\/brbrzozowski.info\/en\/cennik\/","title":{"rendered":"Our prices"},"content":{"rendered":"<p>The price of services is determined individually and depends on:<\/p>\n<ul>\n<li>Forms of activity<\/li>\n<li>The quantity of documents and records<\/li>\n<li>Number of employees<\/li>\n<\/ul>\n<p>In order to determine the prices of services please\u00a0<a href=\"https:\/\/serwer2033922.home.pl\/kontakt\/\"><strong>contact us<\/strong><\/a><\/p>\n<p>If you speak English\/German please contact +48 608 28 55 91 or send us email.<\/p>\n","protected":false},"excerpt":{"rendered":"<p>The price of services is determined individually and depends on: Forms of activity The quantity of documents and records Number of employees In order to determine the prices of services please\u00a0contact us If you speak English\/German please contact +48 608 28 55 91 or send us email.<\/p>\n","protected":false},"author":1,"featured_media":70,"parent":0,"menu_order":0,"comment_status":"closed","ping_status":"closed","template":"","meta":{"footnotes":""},"class_list":["post-17","page","type-page","status-publish","has-post-thumbnail","hentry"],"translation":{"provider":"WPGlobus","version":"2.8.11","language":"en","enabled_languages":["pl","en"],"languages":{"pl":{"title":true,"content":true,"excerpt":false},"en":{"title":true,"content":true,"excerpt":false}}},"yoast_head":"<!-- This site is optimized with the Yoast SEO plugin v18.8 - https:\/\/yoast.com\/wordpress\/plugins\/seo\/ -->\n<title>Our prices - Biuro Rachunkowe \u2013 Wojciech Brzozowski<\/title>\n<meta name=\"robots\" content=\"index, follow, max-snippet:-1, max-image-preview:large, max-video-preview:-1\" \/>\n<link rel=\"canonical\" href=\"https:\/\/brbrzozowski.info\/cennik\/\" \/>\n<meta property=\"og:locale\" content=\"en_US\" \/>\n<meta property=\"og:type\" content=\"article\" \/>\n<meta property=\"og:title\" content=\"Our prices - Biuro Rachunkowe \u2013 Wojciech Brzozowski\" \/>\n<meta property=\"og:url\" content=\"https:\/\/brbrzozowski.info\/cennik\/\" \/>\n<meta property=\"og:site_name\" content=\"Biuro Rachunkowe \u2013 Wojciech Brzozowski\" \/>\n<meta property=\"article:publisher\" content=\"https:\/\/www.facebook.com\/Biuro-rachunkowe-Wojciech-Brzozowski-226973690737667\/\" \/>\n<meta property=\"article:modified_time\" content=\"2018-01-09T10:45:28+00:00\" \/>\n<meta property=\"og:image\" content=\"https:\/\/brbrzozowski.info\/wp-content\/uploads\/2017\/09\/facebook_cennik.jpg\" \/>\n\t<meta property=\"og:image:width\" content=\"1020\" \/>\n\t<meta property=\"og:image:height\" content=\"680\" \/>\n\t<meta property=\"og:image:type\" content=\"image\/jpeg\" \/>\n<meta name=\"twitter:card\" content=\"summary_large_image\" \/>\n<script type=\"application\/ld+json\" class=\"yoast-schema-graph\">{\"@context\":\"https:\/\/schema.org\",\"@graph\":[{\"@type\":\"Organization\",\"@id\":\"https:\/\/brbrzozowski.info\/#organization\",\"name\":\"Biuro Rachunkowe - Wojciech Brzozowski\",\"url\":\"https:\/\/brbrzozowski.info\/\",\"sameAs\":[\"https:\/\/www.facebook.com\/Biuro-rachunkowe-Wojciech-Brzozowski-226973690737667\/\"],\"logo\":{\"@type\":\"ImageObject\",\"inLanguage\":\"en-US\",\"@id\":\"https:\/\/brbrzozowski.info\/#\/schema\/logo\/image\/\",\"url\":\"https:\/\/serwer2033922.home.pl\/wp-content\/uploads\/2018\/01\/brbrzozowski_klocki_logo.png\",\"contentUrl\":\"https:\/\/serwer2033922.home.pl\/wp-content\/uploads\/2018\/01\/brbrzozowski_klocki_logo.png\",\"width\":64,\"height\":87,\"caption\":\"Biuro Rachunkowe - Wojciech Brzozowski\"},\"image\":{\"@id\":\"https:\/\/brbrzozowski.info\/#\/schema\/logo\/image\/\"}},{\"@type\":\"WebSite\",\"@id\":\"https:\/\/brbrzozowski.info\/#website\",\"url\":\"https:\/\/brbrzozowski.info\/\",\"name\":\"Biuro Rachunkowe \u2013 Wojciech Brzozowski\",\"description\":\"accounting office Opole, online bookkeeping, free invoice software\",\"publisher\":{\"@id\":\"https:\/\/brbrzozowski.info\/#organization\"},\"potentialAction\":[{\"@type\":\"SearchAction\",\"target\":{\"@type\":\"EntryPoint\",\"urlTemplate\":\"https:\/\/brbrzozowski.info\/?s={search_term_string}\"},\"query-input\":\"required name=search_term_string\"}],\"inLanguage\":\"en-US\"},{\"@type\":\"ImageObject\",\"inLanguage\":\"en-US\",\"@id\":\"https:\/\/brbrzozowski.info\/cennik\/#primaryimage\",\"url\":\"https:\/\/brbrzozowski.info\/wp-content\/uploads\/2017\/09\/facebook_cennik.jpg\",\"contentUrl\":\"https:\/\/brbrzozowski.info\/wp-content\/uploads\/2017\/09\/facebook_cennik.jpg\",\"width\":1020,\"height\":680,\"caption\":\"Cennik Biura Rachunkowego\"},{\"@type\":\"WebPage\",\"@id\":\"https:\/\/brbrzozowski.info\/cennik\/#webpage\",\"url\":\"https:\/\/brbrzozowski.info\/cennik\/\",\"name\":\"Our prices - Biuro Rachunkowe \u2013 Wojciech Brzozowski\",\"isPartOf\":{\"@id\":\"https:\/\/brbrzozowski.info\/#website\"},\"primaryImageOfPage\":{\"@id\":\"https:\/\/brbrzozowski.info\/cennik\/#primaryimage\"},\"datePublished\":\"2017-09-23T17:17:23+00:00\",\"dateModified\":\"2018-01-09T10:45:28+00:00\",\"description\":\"Us\u0142ugi \u015bwiadczone przez Biuro Rachunkowe - Wojciech Brzozowski wyliczane s\u0105 ka\u017cdorazowo dla ka\u017cdego klienta. W sprawie oferty prosimy o kontakt.\",\"breadcrumb\":{\"@id\":\"https:\/\/brbrzozowski.info\/cennik\/#breadcrumb\"},\"inLanguage\":\"en-US\",\"potentialAction\":[{\"@type\":\"ReadAction\",\"target\":[\"https:\/\/brbrzozowski.info\/cennik\/\"]}]},{\"@type\":\"BreadcrumbList\",\"@id\":\"https:\/\/brbrzozowski.info\/cennik\/#breadcrumb\",\"itemListElement\":[{\"@type\":\"ListItem\",\"position\":1,\"name\":\"Strona g\u0142\u00f3wna\",\"item\":\"https:\/\/brbrzozowski.info\/\"},{\"@type\":\"ListItem\",\"position\":2,\"name\":\"Cennik\"}]}]}<\/script>\n<!-- \/ Yoast SEO plugin. -->","yoast_head_json":{"title":"Our prices - Biuro Rachunkowe \u2013 Wojciech Brzozowski","robots":{"index":"index","follow":"follow","max-snippet":"max-snippet:-1","max-image-preview":"max-image-preview:large","max-video-preview":"max-video-preview:-1"},"canonical":"https:\/\/brbrzozowski.info\/cennik\/","og_locale":"en_US","og_type":"article","og_title":"Our prices - Biuro Rachunkowe \u2013 Wojciech Brzozowski","og_url":"https:\/\/brbrzozowski.info\/cennik\/","og_site_name":"Biuro Rachunkowe \u2013 Wojciech Brzozowski","article_publisher":"https:\/\/www.facebook.com\/Biuro-rachunkowe-Wojciech-Brzozowski-226973690737667\/","article_modified_time":"2018-01-09T10:45:28+00:00","og_image":[{"width":1020,"height":680,"url":"https:\/\/brbrzozowski.info\/wp-content\/uploads\/2017\/09\/facebook_cennik.jpg","type":"image\/jpeg"}],"twitter_card":"summary_large_image","schema":{"@context":"https:\/\/schema.org","@graph":[{"@type":"Organization","@id":"https:\/\/brbrzozowski.info\/#organization","name":"Biuro Rachunkowe - Wojciech Brzozowski","url":"https:\/\/brbrzozowski.info\/","sameAs":["https:\/\/www.facebook.com\/Biuro-rachunkowe-Wojciech-Brzozowski-226973690737667\/"],"logo":{"@type":"ImageObject","inLanguage":"en-US","@id":"https:\/\/brbrzozowski.info\/#\/schema\/logo\/image\/","url":"https:\/\/serwer2033922.home.pl\/wp-content\/uploads\/2018\/01\/brbrzozowski_klocki_logo.png","contentUrl":"https:\/\/serwer2033922.home.pl\/wp-content\/uploads\/2018\/01\/brbrzozowski_klocki_logo.png","width":64,"height":87,"caption":"Biuro Rachunkowe - Wojciech Brzozowski"},"image":{"@id":"https:\/\/brbrzozowski.info\/#\/schema\/logo\/image\/"}},{"@type":"WebSite","@id":"https:\/\/brbrzozowski.info\/#website","url":"https:\/\/brbrzozowski.info\/","name":"Biuro Rachunkowe \u2013 Wojciech Brzozowski","description":"accounting office Opole, online bookkeeping, free invoice software","publisher":{"@id":"https:\/\/brbrzozowski.info\/#organization"},"potentialAction":[{"@type":"SearchAction","target":{"@type":"EntryPoint","urlTemplate":"https:\/\/brbrzozowski.info\/?s={search_term_string}"},"query-input":"required name=search_term_string"}],"inLanguage":"en-US"},{"@type":"ImageObject","inLanguage":"en-US","@id":"https:\/\/brbrzozowski.info\/cennik\/#primaryimage","url":"https:\/\/brbrzozowski.info\/wp-content\/uploads\/2017\/09\/facebook_cennik.jpg","contentUrl":"https:\/\/brbrzozowski.info\/wp-content\/uploads\/2017\/09\/facebook_cennik.jpg","width":1020,"height":680,"caption":"Cennik Biura Rachunkowego"},{"@type":"WebPage","@id":"https:\/\/brbrzozowski.info\/cennik\/#webpage","url":"https:\/\/brbrzozowski.info\/cennik\/","name":"Our prices - Biuro Rachunkowe \u2013 Wojciech Brzozowski","isPartOf":{"@id":"https:\/\/brbrzozowski.info\/#website"},"primaryImageOfPage":{"@id":"https:\/\/brbrzozowski.info\/cennik\/#primaryimage"},"datePublished":"2017-09-23T17:17:23+00:00","dateModified":"2018-01-09T10:45:28+00:00","description":"Us\u0142ugi \u015bwiadczone przez Biuro Rachunkowe - Wojciech Brzozowski wyliczane s\u0105 ka\u017cdorazowo dla ka\u017cdego klienta. W sprawie oferty prosimy o kontakt.","breadcrumb":{"@id":"https:\/\/brbrzozowski.info\/cennik\/#breadcrumb"},"inLanguage":"en-US","potentialAction":[{"@type":"ReadAction","target":["https:\/\/brbrzozowski.info\/cennik\/"]}]},{"@type":"BreadcrumbList","@id":"https:\/\/brbrzozowski.info\/cennik\/#breadcrumb","itemListElement":[{"@type":"ListItem","position":1,"name":"Strona g\u0142\u00f3wna","item":"https:\/\/brbrzozowski.info\/"},{"@type":"ListItem","position":2,"name":"Cennik"}]}]}},"_links":{"self":[{"href":"https:\/\/brbrzozowski.info\/en\/wp-json\/wp\/v2\/pages\/17","targetHints":{"allow":["GET"]}}],"collection":[{"href":"https:\/\/brbrzozowski.info\/en\/wp-json\/wp\/v2\/pages"}],"about":[{"href":"https:\/\/brbrzozowski.info\/en\/wp-json\/wp\/v2\/types\/page"}],"author":[{"embeddable":true,"href":"https:\/\/brbrzozowski.info\/en\/wp-json\/wp\/v2\/users\/1"}],"replies":[{"embeddable":true,"href":"https:\/\/brbrzozowski.info\/en\/wp-json\/wp\/v2\/comments?post=17"}],"version-history":[{"count":3,"href":"https:\/\/brbrzozowski.info\/en\/wp-json\/wp\/v2\/pages\/17\/revisions"}],"predecessor-version":[{"id":45,"href":"https:\/\/brbrzozowski.info\/en\/wp-json\/wp\/v2\/pages\/17\/revisions\/45"}],"wp:featuredmedia":[{"embeddable":true,"href":"https:\/\/brbrzozowski.info\/en\/wp-json\/wp\/v2\/media\/70"}],"wp:attachment":[{"href":"https:\/\/brbrzozowski.info\/en\/wp-json\/wp\/v2\/media?parent=17"}],"curies":[{"name":"wp","href":"https:\/\/api.w.org\/{rel}","templated":true}]}}